{"id":1880,"date":"2023-12-04T14:00:51","date_gmt":"2023-12-04T14:00:51","guid":{"rendered":"https:\/\/buildingbajasfuture.org\/?page_id=1880"},"modified":"2024-08-23T11:04:11","modified_gmt":"2024-08-23T11:04:11","slug":"donate","status":"publish","type":"page","link":"https:\/\/buildingbajasfuture.org\/es\/donate\/","title":{"rendered":"Donar"},"content":{"rendered":"<div data-elementor-type=\"wp-page\" data-elementor-id=\"1880\" class=\"elementor elementor-1880\" data-elementor-post-type=\"page\">\n\t\t\t\t<div class=\"elementor-element elementor-element-ee6d128 e-con-full e-flex e-con e-parent\" data-id=\"ee6d128\" data-element_type=\"container\">\n\t\t\t\t<div class=\"elementor-element elementor-element-89109bf elementor-widget elementor-widget-template\" data-id=\"89109bf\" data-element_type=\"widget\" data-widget_type=\"template.default\">\n\t\t\t\t<div class=\"elementor-widget-container\">\n\t\t\t\t\t<div class=\"elementor-template\">\n\t\t\t\t\t<div data-elementor-type=\"section\" data-elementor-id=\"996\" class=\"elementor elementor-996\" data-elementor-post-type=\"elementor_library\">\n\t\t\t<div class=\"elementor-element elementor-element-7ad5267 e-flex e-con-boxed e-con e-parent\" data-id=\"7ad5267\" data-element_type=\"container\" data-settings=\"{&quot;background_background&quot;:&quot;classic&quot;}\">\n\t\t\t\t\t<div class=\"e-con-inner\">\n\t\t\t\t\t<\/div>\n\t\t\t\t<\/div>\n\t\t<div class=\"elementor-element elementor-element-c28c15e e-flex e-con-boxed e-con e-parent\" data-id=\"c28c15e\" data-element_type=\"container\">\n\t\t\t\t\t<div class=\"e-con-inner\">\n\t\t\t\t<div class=\"elementor-element elementor-element-ca206da elementor-widget-divider--view-line elementor-widget elementor-widget-divider\" data-id=\"ca206da\" data-element_type=\"widget\" data-widget_type=\"divider.default\">\n\t\t\t\t<div class=\"elementor-widget-container\">\n\t\t\t<style>\/*! elementor - v3.23.0 - 05-08-2024 *\/\n.elementor-widget-divider{--divider-border-style:none;--divider-border-width:1px;--divider-color:#0c0d0e;--divider-icon-size:20px;--divider-element-spacing:10px;--divider-pattern-height:24px;--divider-pattern-size:20px;--divider-pattern-url:none;--divider-pattern-repeat:repeat-x}.elementor-widget-divider .elementor-divider{display:flex}.elementor-widget-divider .elementor-divider__text{font-size:15px;line-height:1;max-width:95%}.elementor-widget-divider .elementor-divider__element{margin:0 var(--divider-element-spacing);flex-shrink:0}.elementor-widget-divider .elementor-icon{font-size:var(--divider-icon-size)}.elementor-widget-divider .elementor-divider-separator{display:flex;margin:0;direction:ltr}.elementor-widget-divider--view-line_icon .elementor-divider-separator,.elementor-widget-divider--view-line_text .elementor-divider-separator{align-items:center}.elementor-widget-divider--view-line_icon .elementor-divider-separator:after,.elementor-widget-divider--view-line_icon .elementor-divider-separator:before,.elementor-widget-divider--view-line_text .elementor-divider-separator:after,.elementor-widget-divider--view-line_text .elementor-divider-separator:before{display:block;content:\"\";border-block-end:0;flex-grow:1;border-block-start:var(--divider-border-width) var(--divider-border-style) var(--divider-color)}.elementor-widget-divider--element-align-left .elementor-divider .elementor-divider-separator>.elementor-divider__svg:first-of-type{flex-grow:0;flex-shrink:100}.elementor-widget-divider--element-align-left .elementor-divider-separator:before{content:none}.elementor-widget-divider--element-align-left .elementor-divider__element{margin-left:0}.elementor-widget-divider--element-align-right .elementor-divider .elementor-divider-separator>.elementor-divider__svg:last-of-type{flex-grow:0;flex-shrink:100}.elementor-widget-divider--element-align-right .elementor-divider-separator:after{content:none}.elementor-widget-divider--element-align-right .elementor-divider__element{margin-right:0}.elementor-widget-divider--element-align-start .elementor-divider .elementor-divider-separator>.elementor-divider__svg:first-of-type{flex-grow:0;flex-shrink:100}.elementor-widget-divider--element-align-start .elementor-divider-separator:before{content:none}.elementor-widget-divider--element-align-start .elementor-divider__element{margin-inline-start:0}.elementor-widget-divider--element-align-end .elementor-divider .elementor-divider-separator>.elementor-divider__svg:last-of-type{flex-grow:0;flex-shrink:100}.elementor-widget-divider--element-align-end .elementor-divider-separator:after{content:none}.elementor-widget-divider--element-align-end .elementor-divider__element{margin-inline-end:0}.elementor-widget-divider:not(.elementor-widget-divider--view-line_text):not(.elementor-widget-divider--view-line_icon) .elementor-divider-separator{border-block-start:var(--divider-border-width) var(--divider-border-style) var(--divider-color)}.elementor-widget-divider--separator-type-pattern{--divider-border-style:none}.elementor-widget-divider--separator-type-pattern.elementor-widget-divider--view-line .elementor-divider-separator,.elementor-widget-divider--separator-type-pattern:not(.elementor-widget-divider--view-line) .elementor-divider-separator:after,.elementor-widget-divider--separator-type-pattern:not(.elementor-widget-divider--view-line) .elementor-divider-separator:before,.elementor-widget-divider--separator-type-pattern:not([class*=elementor-widget-divider--view]) .elementor-divider-separator{width:100%;min-height:var(--divider-pattern-height);-webkit-mask-size:var(--divider-pattern-size) 100%;mask-size:var(--divider-pattern-size) 100%;-webkit-mask-repeat:var(--divider-pattern-repeat);mask-repeat:var(--divider-pattern-repeat);background-color:var(--divider-color);-webkit-mask-image:var(--divider-pattern-url);mask-image:var(--divider-pattern-url)}.elementor-widget-divider--no-spacing{--divider-pattern-size:auto}.elementor-widget-divider--bg-round{--divider-pattern-repeat:round}.rtl .elementor-widget-divider .elementor-divider__text{direction:rtl}.e-con-inner>.elementor-widget-divider,.e-con>.elementor-widget-divider{width:var(--container-widget-width,100%);--flex-grow:var(--container-widget-flex-grow)}<\/style>\t\t<div class=\"elementor-divider\">\n\t\t\t<span class=\"elementor-divider-separator\">\n\t\t\t\t\t\t<\/span>\n\t\t<\/div>\n\t\t\t\t<\/div>\n\t\t\t\t<\/div>\n\t\t\t\t\t<\/div>\n\t\t\t\t<\/div>\n\t\t\t\t<\/div>\n\t\t\t\t<\/div>\n\t\t\t\t<\/div>\n\t\t\t\t<\/div>\n\t\t\t\t<\/div>\n\t\t<div class=\"elementor-element elementor-element-bd79987 e-flex e-con-boxed e-con e-parent\" data-id=\"bd79987\" data-element_type=\"container\">\n\t\t\t\t\t<div class=\"e-con-inner\">\n\t\t<div class=\"elementor-element elementor-element-c8c4dd9 e-con-full e-flex e-con e-child\" data-id=\"c8c4dd9\" data-element_type=\"container\">\n\t\t\t\t<div class=\"elementor-element elementor-element-a8e9592 elementor-nav-menu__align-start elementor-nav-menu--dropdown-none elementor-widget elementor-widget-nav-menu\" data-id=\"a8e9592\" data-element_type=\"widget\" data-settings=\"{&quot;layout&quot;:&quot;vertical&quot;,&quot;submenu_icon&quot;:{&quot;value&quot;:&quot;&lt;i class=\\&quot;fas fa-caret-down\\&quot;&gt;&lt;\\\/i&gt;&quot;,&quot;library&quot;:&quot;fa-solid&quot;}}\" data-widget_type=\"nav-menu.default\">\n\t\t\t\t<div class=\"elementor-widget-container\">\n\t\t\t<link rel=\"stylesheet\" href=\"https:\/\/buildingbajasfuture.org\/wp-content\/plugins\/elementor-pro\/assets\/css\/widget-nav-menu.min.css?ver=1724063658\">\t\t\t<nav aria-label=\"Menu\" class=\"elementor-nav-menu--main elementor-nav-menu__container elementor-nav-menu--layout-vertical e--pointer-none\">\n\t\t\t\t<ul id=\"menu-1-a8e9592\" class=\"elementor-nav-menu sm-vertical\"><li class=\"menu-item menu-item-type-post_type menu-item-object-page menu-item-1914\"><a href=\"https:\/\/buildingbajasfuture.org\/es\/friends-of-bbf\/\" class=\"elementor-item menu-link\">Amigos de BBF<\/a><\/li>\n<li class=\"menu-item menu-item-type-post_type menu-item-object-page menu-item-1913\"><a href=\"https:\/\/buildingbajasfuture.org\/es\/donate\/\" class=\"elementor-item menu-link\">Donar<\/a><\/li>\n<li class=\"menu-item menu-item-type-post_type menu-item-object-page menu-item-1912\"><a href=\"https:\/\/buildingbajasfuture.org\/es\/how-to-donate\/\" class=\"elementor-item menu-link\">\u00bfC\u00f3mo apoyar?<\/a><\/li>\n<\/ul>\t\t\t<\/nav>\n\t\t\t\t\t\t<nav class=\"elementor-nav-menu--dropdown elementor-nav-menu__container\" aria-hidden=\"true\">\n\t\t\t\t<ul id=\"menu-2-a8e9592\" class=\"elementor-nav-menu sm-vertical\"><li class=\"menu-item menu-item-type-post_type menu-item-object-page menu-item-1914\"><a href=\"https:\/\/buildingbajasfuture.org\/es\/friends-of-bbf\/\" class=\"elementor-item menu-link\" tabindex=\"-1\">Amigos de BBF<\/a><\/li>\n<li class=\"menu-item menu-item-type-post_type menu-item-object-page menu-item-1913\"><a href=\"https:\/\/buildingbajasfuture.org\/es\/donate\/\" class=\"elementor-item menu-link\" tabindex=\"-1\">Donar<\/a><\/li>\n<li class=\"menu-item menu-item-type-post_type menu-item-object-page menu-item-1912\"><a href=\"https:\/\/buildingbajasfuture.org\/es\/how-to-donate\/\" class=\"elementor-item menu-link\" tabindex=\"-1\">\u00bfC\u00f3mo apoyar?<\/a><\/li>\n<\/ul>\t\t\t<\/nav>\n\t\t\t\t<\/div>\n\t\t\t\t<\/div>\n\t\t\t\t<div class=\"elementor-element elementor-element-56194e4 elementor-widget elementor-widget-template\" data-id=\"56194e4\" data-element_type=\"widget\" data-widget_type=\"template.default\">\n\t\t\t\t<div class=\"elementor-widget-container\">\n\t\t\t\t\t<div class=\"elementor-template\">\n\t\t\t\t\t<div data-elementor-type=\"section\" data-elementor-id=\"1871\" class=\"elementor elementor-1871\" data-elementor-post-type=\"elementor_library\">\n\t\t\t<div class=\"elementor-element elementor-element-2c5d78f e-flex e-con-boxed e-con e-parent\" data-id=\"2c5d78f\" data-element_type=\"container\" data-settings=\"{&quot;background_background&quot;:&quot;classic&quot;}\">\n\t\t\t\t\t<div class=\"e-con-inner\">\n\t\t\t\t<div class=\"elementor-element elementor-element-bb02464 elementor-widget elementor-widget-heading\" data-id=\"bb02464\" data-element_type=\"widget\" data-widget_type=\"heading.default\">\n\t\t\t\t<div class=\"elementor-widget-container\">\n\t\t\t<style>\/*! elementor - v3.23.0 - 05-08-2024 *\/\n.elementor-heading-title{padding:0;margin:0;line-height:1}.elementor-widget-heading .elementor-heading-title[class*=elementor-size-]>a{color:inherit;font-size:inherit;line-height:inherit}.elementor-widget-heading .elementor-heading-title.elementor-size-small{font-size:15px}.elementor-widget-heading .elementor-heading-title.elementor-size-medium{font-size:19px}.elementor-widget-heading .elementor-heading-title.elementor-size-large{font-size:29px}.elementor-widget-heading .elementor-heading-title.elementor-size-xl{font-size:39px}.elementor-widget-heading .elementor-heading-title.elementor-size-xxl{font-size:59px}<\/style><h2 class=\"elementor-heading-title elementor-size-default\">Donaci\u00f3n en l\u00ednea<\/h2>\t\t<\/div>\n\t\t\t\t<\/div>\n\t\t\t\t<div class=\"elementor-element elementor-element-2f4cfc9 elementor-widget elementor-widget-text-editor\" data-id=\"2f4cfc9\" data-element_type=\"widget\" data-widget_type=\"text-editor.default\">\n\t\t\t\t<div class=\"elementor-widget-container\">\n\t\t\t<style>\/*! elementor - v3.23.0 - 05-08-2024 *\/\n.elementor-widget-text-editor.elementor-drop-cap-view-stacked .elementor-drop-cap{background-color:#69727d;color:#fff}.elementor-widget-text-editor.elementor-drop-cap-view-framed .elementor-drop-cap{color:#69727d;border:3px solid;background-color:transparent}.elementor-widget-text-editor:not(.elementor-drop-cap-view-default) .elementor-drop-cap{margin-top:8px}.elementor-widget-text-editor:not(.elementor-drop-cap-view-default) .elementor-drop-cap-letter{width:1em;height:1em}.elementor-widget-text-editor .elementor-drop-cap{float:left;text-align:center;line-height:1;font-size:50px}.elementor-widget-text-editor .elementor-drop-cap-letter{display:inline-block}<\/style>\t\t\t\t<p>Gracias al apoyo de nuestros donantes, j\u00f3venes comprometidos pueden acceder a la educaci\u00f3n universitaria y construir un mejor futuro. Hoy puedes dejar una huella duradera en el desarrollo de Baja California Sur.<\/p>\t\t\t\t\t\t<\/div>\n\t\t\t\t<\/div>\n\t\t\t\t<div class=\"elementor-element elementor-element-71f7f72 elementor-mobile-align-justify elementor-align-justify elementor-hidden-desktop elementor-hidden-tablet elementor-hidden-mobile elementor-widget elementor-widget-button\" data-id=\"71f7f72\" data-element_type=\"widget\" data-widget_type=\"button.default\">\n\t\t\t\t<div class=\"elementor-widget-container\">\n\t\t\t\t\t<div class=\"elementor-button-wrapper\">\n\t\t\t<a class=\"elementor-button elementor-button-link elementor-size-sm\" href=\"https:\/\/www.paypal.com\/donate?token=m4ld99YqY75fhl96dRcSwlq_eay6RuFri7OTfucgIWOJZIlrQ7FZaFYVka9sdwSyguC9cqmvuEZrv_uS\">\n\t\t\t\t\t\t<span class=\"elementor-button-content-wrapper\">\n\t\t\t\t\t\t\t\t\t<span class=\"elementor-button-text\">PRESIONA PARA DONAR<\/span>\n\t\t\t\t\t<\/span>\n\t\t\t\t\t<\/a>\n\t\t<\/div>\n\t\t\t\t<\/div>\n\t\t\t\t<\/div>\n\t\t\t\t<div class=\"elementor-element elementor-element-d83499d elementor-widget elementor-widget-html\" data-id=\"d83499d\" data-element_type=\"widget\" data-widget_type=\"html.default\">\n\t\t\t\t<div class=\"elementor-widget-container\">\n\t\t\t<style>\r\n.paypal-button {\r\n    background-color: transparent; \/* fondo transparente *\/\r\n    border: none;                  \/* sin borde *\/\r\n    padding: 0;                    \/* sin padding extra *\/\r\n}\r\n<\/style>\r\n\r\n<form action=\"https:\/\/www.paypal.com\/donate\" method=\"post\" target=\"_top\" data-trp-original-action=\"https:\/\/www.paypal.com\/donate\">\r\n    <input type=\"hidden\" name=\"hosted_button_id\" value=\"EGN9HJYVUFGQE\" \/>\r\n    <button type=\"submit\" class=\"paypal-button\" title=\"Donar\">\r\n        Donar\r\n    <\/button>\r\n<input type=\"hidden\" name=\"trp-form-language\" value=\"es\"\/><\/form>\t\t<\/div>\n\t\t\t\t<\/div>\n\t\t\t\t\t<\/div>\n\t\t\t\t<\/div>\n\t\t\t\t<\/div>\n\t\t\t\t<\/div>\n\t\t\t\t<\/div>\n\t\t\t\t<\/div>\n\t\t\t\t<\/div>\n\t\t<div class=\"elementor-element elementor-element-b939104 e-con-full e-flex e-con e-child\" data-id=\"b939104\" data-element_type=\"container\">\n\t\t\t\t<div class=\"elementor-element elementor-element-5b8a691 elementor-widget elementor-widget-heading\" data-id=\"5b8a691\" data-element_type=\"widget\" data-widget_type=\"heading.default\">\n\t\t\t\t<div class=\"elementor-widget-container\">\n\t\t\t<h2 class=\"elementor-heading-title elementor-size-default\">Donaci\u00f3n en l\u00ednea<\/h2>\t\t<\/div>\n\t\t\t\t<\/div>\n\t\t\t\t<div class=\"elementor-element elementor-element-4c897b9 elementor-widget elementor-widget-text-editor\" data-id=\"4c897b9\" data-element_type=\"widget\" data-widget_type=\"text-editor.default\">\n\t\t\t\t<div class=\"elementor-widget-container\">\n\t\t\t\t\t\t\t<p>Al realizar una donaci\u00f3n a Building Baja\u2019s Future (BBF), contribuyes directamente a transformar vidas. Tu apoyo hace posible que otorguemos becas a j\u00f3venes talentosos y comprometidos con su educaci\u00f3n y con su futuro profesional en nuestras comunidades. Cada aportaci\u00f3n representa una inversi\u00f3n en el desarrollo y bienestar de Baja California Sur.<\/p>\t\t\t\t\t\t<\/div>\n\t\t\t\t<\/div>\n\t\t\t\t<div class=\"elementor-element elementor-element-8c5ebd1 elementor-widget elementor-widget-html\" data-id=\"8c5ebd1\" data-element_type=\"widget\" data-widget_type=\"html.default\">\n\t\t\t\t<div class=\"elementor-widget-container\">\n\t\t\t<form action=\"https:\/\/www.paypal.com\/donate\" method=\"post\" target=\"_top\" data-trp-original-action=\"https:\/\/www.paypal.com\/donate\">\r\n<input type=\"hidden\" name=\"hosted_button_id\" value=\"EGN9HJYVUFGQE\" \/>\r\n<input type=\"image\" src=\"https:\/\/www.paypalobjects.com\/en_US\/i\/btn\/btn_donate_LG.gif\" border=\"0\" name=\"submit\" title=\"Donar\" alt=\"Donate with PayPal button\" \/>\r\n<img decoding=\"async\" alt=\"\" border=\"0\" src=\"https:\/\/www.paypal.com\/en_US\/i\/scr\/pixel.gif\" width=\"1\" height=\"1\" \/>\r\n<input type=\"hidden\" name=\"trp-form-language\" value=\"es\"\/><\/form>\t\t<\/div>\n\t\t\t\t<\/div>\n\t\t\t\t<\/div>\n\t\t\t\t\t<\/div>\n\t\t\t\t<\/div>\n\t\t\t\t<\/div>","protected":false},"excerpt":{"rendered":"<p>Donate Online When you make a donation to Building Baja&#8217;s Future (BBF) you are helping to change lives. Your generosity allows us to award scholarships to deserving students. These young men and women have shown an interest in their education and in their future as working adults in our communities. Every dollar is an investment &hellip;<\/p>\n<p class=\"read-more\"> <a class=\"\" href=\"https:\/\/buildingbajasfuture.org\/es\/donate\/\"> <span class=\"screen-reader-text\">Donar<\/span> Leer m\u00e1s &raquo;<\/a><\/p>","protected":false},"author":2,"featured_media":0,"parent":0,"menu_order":0,"comment_status":"closed","ping_status":"closed","template":"","meta":{"_acf_changed":false,"site-sidebar-layout":"no-sidebar","site-content-layout":"page-builder","ast-global-header-display":"","ast-main-header-display":"","ast-hfb-above-header-display":"","ast-hfb-below-header-display":"","ast-hfb-mobile-header-display":"","site-post-title":"disabled","ast-breadcrumbs-content":"","ast-featured-img":"disabled","footer-sml-layout":"","theme-transparent-header-meta":"","adv-header-id-meta":"","stick-header-meta":"","header-above-stick-meta":"","header-main-stick-meta":"","header-below-stick-meta":"","footnotes":""},"class_list":["post-1880","page","type-page","status-publish","hentry"],"acf":[],"yoast_head":"<!-- This site is optimized with the Yoast SEO plugin v23.3 - https:\/\/yoast.com\/wordpress\/plugins\/seo\/ -->\n<title>Donate - Building Baja&#039;s Future<\/title>\n<meta name=\"robots\" content=\"index, follow, max-snippet:-1, max-image-preview:large, max-video-preview:-1\" \/>\n<link rel=\"canonical\" href=\"https:\/\/buildingbajasfuture.org\/es\/donate\/\" \/>\n<meta property=\"og:locale\" content=\"es_ES\" \/>\n<meta property=\"og:type\" content=\"article\" \/>\n<meta property=\"og:title\" content=\"Donate - Building Baja&#039;s Future\" \/>\n<meta property=\"og:description\" content=\"Donate Online When you make a donation to Building Baja&#8217;s Future (BBF) you are helping to change lives. Your generosity allows us to award scholarships to deserving students. These young men and women have shown an interest in their education and in their future as working adults in our communities. Every dollar is an investment &hellip; Donate Leer m\u00e1s &raquo;\" \/>\n<meta property=\"og:url\" content=\"https:\/\/buildingbajasfuture.org\/es\/donate\/\" \/>\n<meta property=\"og:site_name\" content=\"Building Baja&#039;s Future\" \/>\n<meta property=\"article:modified_time\" content=\"2024-08-23T11:04:11+00:00\" \/>\n<meta property=\"og:image\" content=\"https:\/\/www.paypal.com\/en_US\/i\/scr\/pixel.gif\" \/>\n<meta name=\"twitter:card\" content=\"summary_large_image\" \/>\n<script type=\"application\/ld+json\" class=\"yoast-schema-graph\">{\"@context\":\"https:\/\/schema.org\",\"@graph\":[{\"@type\":\"WebPage\",\"@id\":\"https:\/\/buildingbajasfuture.org\/es\/donate\/\",\"url\":\"https:\/\/buildingbajasfuture.org\/es\/donate\/\",\"name\":\"Donate - Building Baja&#039;s Future\",\"isPartOf\":{\"@id\":\"https:\/\/buildingbajasfuture.org\/#website\"},\"primaryImageOfPage\":{\"@id\":\"https:\/\/buildingbajasfuture.org\/es\/donate\/#primaryimage\"},\"image\":{\"@id\":\"https:\/\/buildingbajasfuture.org\/es\/donate\/#primaryimage\"},\"thumbnailUrl\":\"https:\/\/www.paypal.com\/en_US\/i\/scr\/pixel.gif\",\"datePublished\":\"2023-12-04T14:00:51+00:00\",\"dateModified\":\"2024-08-23T11:04:11+00:00\",\"breadcrumb\":{\"@id\":\"https:\/\/buildingbajasfuture.org\/es\/donate\/#breadcrumb\"},\"inLanguage\":\"es\",\"potentialAction\":[{\"@type\":\"ReadAction\",\"target\":[\"https:\/\/buildingbajasfuture.org\/es\/donate\/\"]}]},{\"@type\":\"ImageObject\",\"inLanguage\":\"es\",\"@id\":\"https:\/\/buildingbajasfuture.org\/es\/donate\/#primaryimage\",\"url\":\"https:\/\/www.paypal.com\/en_US\/i\/scr\/pixel.gif\",\"contentUrl\":\"https:\/\/www.paypal.com\/en_US\/i\/scr\/pixel.gif\"},{\"@type\":\"BreadcrumbList\",\"@id\":\"https:\/\/buildingbajasfuture.org\/es\/donate\/#breadcrumb\",\"itemListElement\":[{\"@type\":\"ListItem\",\"position\":1,\"name\":\"Home\",\"item\":\"https:\/\/buildingbajasfuture.org\/\"},{\"@type\":\"ListItem\",\"position\":2,\"name\":\"Donate\"}]},{\"@type\":\"WebSite\",\"@id\":\"https:\/\/buildingbajasfuture.org\/#website\",\"url\":\"https:\/\/buildingbajasfuture.org\/\",\"name\":\"Building Baja&#039;s Future\",\"description\":\"Building Baja\u2019s Future (BBF) helps young adults gain an education to build a better future for themselves and their communities. \",\"publisher\":{\"@id\":\"https:\/\/buildingbajasfuture.org\/#organization\"},\"potentialAction\":[{\"@type\":\"SearchAction\",\"target\":{\"@type\":\"EntryPoint\",\"urlTemplate\":\"https:\/\/buildingbajasfuture.org\/?s={search_term_string}\"},\"query-input\":\"required name=search_term_string\"}],\"inLanguage\":\"es\"},{\"@type\":\"Organization\",\"@id\":\"https:\/\/buildingbajasfuture.org\/#organization\",\"name\":\"Building Baja&#039;s Future\",\"url\":\"https:\/\/buildingbajasfuture.org\/\",\"logo\":{\"@type\":\"ImageObject\",\"inLanguage\":\"es\",\"@id\":\"https:\/\/buildingbajasfuture.org\/#\/schema\/logo\/image\/\",\"url\":\"https:\/\/buildingbajasfuture.org\/wp-content\/uploads\/2023\/01\/logo.svg\",\"contentUrl\":\"https:\/\/buildingbajasfuture.org\/wp-content\/uploads\/2023\/01\/logo.svg\",\"width\":131,\"height\":49,\"caption\":\"Building Baja&#039;s Future\"},\"image\":{\"@id\":\"https:\/\/buildingbajasfuture.org\/#\/schema\/logo\/image\/\"}}]}<\/script>\n<!-- \/ Yoast SEO plugin. -->","yoast_head_json":{"title":"Donate - Building Baja&#039;s Future","robots":{"index":"index","follow":"follow","max-snippet":"max-snippet:-1","max-image-preview":"max-image-preview:large","max-video-preview":"max-video-preview:-1"},"canonical":"https:\/\/buildingbajasfuture.org\/es\/donate\/","og_locale":"es_ES","og_type":"article","og_title":"Donate - Building Baja&#039;s Future","og_description":"Donate Online When you make a donation to Building Baja&#8217;s Future (BBF) you are helping to change lives. Your generosity allows us to award scholarships to deserving students. These young men and women have shown an interest in their education and in their future as working adults in our communities. Every dollar is an investment &hellip; Donate Leer m\u00e1s &raquo;","og_url":"https:\/\/buildingbajasfuture.org\/es\/donate\/","og_site_name":"Building Baja&#039;s Future","article_modified_time":"2024-08-23T11:04:11+00:00","og_image":[{"url":"https:\/\/www.paypal.com\/en_US\/i\/scr\/pixel.gif"}],"twitter_card":"summary_large_image","schema":{"@context":"https:\/\/schema.org","@graph":[{"@type":"WebPage","@id":"https:\/\/buildingbajasfuture.org\/es\/donate\/","url":"https:\/\/buildingbajasfuture.org\/es\/donate\/","name":"Donate - Building Baja&#039;s Future","isPartOf":{"@id":"https:\/\/buildingbajasfuture.org\/#website"},"primaryImageOfPage":{"@id":"https:\/\/buildingbajasfuture.org\/es\/donate\/#primaryimage"},"image":{"@id":"https:\/\/buildingbajasfuture.org\/es\/donate\/#primaryimage"},"thumbnailUrl":"https:\/\/www.paypal.com\/en_US\/i\/scr\/pixel.gif","datePublished":"2023-12-04T14:00:51+00:00","dateModified":"2024-08-23T11:04:11+00:00","breadcrumb":{"@id":"https:\/\/buildingbajasfuture.org\/es\/donate\/#breadcrumb"},"inLanguage":"es","potentialAction":[{"@type":"ReadAction","target":["https:\/\/buildingbajasfuture.org\/es\/donate\/"]}]},{"@type":"ImageObject","inLanguage":"es","@id":"https:\/\/buildingbajasfuture.org\/es\/donate\/#primaryimage","url":"https:\/\/www.paypal.com\/en_US\/i\/scr\/pixel.gif","contentUrl":"https:\/\/www.paypal.com\/en_US\/i\/scr\/pixel.gif"},{"@type":"BreadcrumbList","@id":"https:\/\/buildingbajasfuture.org\/es\/donate\/#breadcrumb","itemListElement":[{"@type":"ListItem","position":1,"name":"Home","item":"https:\/\/buildingbajasfuture.org\/"},{"@type":"ListItem","position":2,"name":"Donate"}]},{"@type":"WebSite","@id":"https:\/\/buildingbajasfuture.org\/#website","url":"https:\/\/buildingbajasfuture.org\/","name":"Building Baja&#039;s Future","description":"Building Baja\u2019s Future (BBF) helps young adults gain an education to build a better future for themselves and their communities. ","publisher":{"@id":"https:\/\/buildingbajasfuture.org\/#organization"},"potentialAction":[{"@type":"SearchAction","target":{"@type":"EntryPoint","urlTemplate":"https:\/\/buildingbajasfuture.org\/?s={search_term_string}"},"query-input":"required name=search_term_string"}],"inLanguage":"es"},{"@type":"Organization","@id":"https:\/\/buildingbajasfuture.org\/#organization","name":"Building Baja&#039;s Future","url":"https:\/\/buildingbajasfuture.org\/","logo":{"@type":"ImageObject","inLanguage":"es","@id":"https:\/\/buildingbajasfuture.org\/#\/schema\/logo\/image\/","url":"https:\/\/buildingbajasfuture.org\/wp-content\/uploads\/2023\/01\/logo.svg","contentUrl":"https:\/\/buildingbajasfuture.org\/wp-content\/uploads\/2023\/01\/logo.svg","width":131,"height":49,"caption":"Building Baja&#039;s Future"},"image":{"@id":"https:\/\/buildingbajasfuture.org\/#\/schema\/logo\/image\/"}}]}},"jetpack_sharing_enabled":true,"_links":{"self":[{"href":"https:\/\/buildingbajasfuture.org\/es\/wp-json\/wp\/v2\/pages\/1880","targetHints":{"allow":["GET"]}}],"collection":[{"href":"https:\/\/buildingbajasfuture.org\/es\/wp-json\/wp\/v2\/pages"}],"about":[{"href":"https:\/\/buildingbajasfuture.org\/es\/wp-json\/wp\/v2\/types\/page"}],"author":[{"embeddable":true,"href":"https:\/\/buildingbajasfuture.org\/es\/wp-json\/wp\/v2\/users\/2"}],"replies":[{"embeddable":true,"href":"https:\/\/buildingbajasfuture.org\/es\/wp-json\/wp\/v2\/comments?post=1880"}],"version-history":[{"count":31,"href":"https:\/\/buildingbajasfuture.org\/es\/wp-json\/wp\/v2\/pages\/1880\/revisions"}],"predecessor-version":[{"id":2025,"href":"https:\/\/buildingbajasfuture.org\/es\/wp-json\/wp\/v2\/pages\/1880\/revisions\/2025"}],"wp:attachment":[{"href":"https:\/\/buildingbajasfuture.org\/es\/wp-json\/wp\/v2\/media?parent=1880"}],"curies":[{"name":"wp","href":"https:\/\/api.w.org\/{rel}","templated":true}]}}